{"id":18,"date":"2018-05-03T08:18:31","date_gmt":"2018-05-03T11:18:31","guid":{"rendered":"http:\/\/www.pssuruguay.com\/?page_id=18"},"modified":"2018-10-05T11:18:26","modified_gmt":"2018-10-05T14:18:26","slug":"quienes-somos","status":"publish","type":"page","link":"http:\/\/www.pssuruguay.com\/es\/quienes-somos\/","title":{"rendered":"Quienes somos"},"content":{"rendered":"<p>[vc_row css_animation=\u00bb\u00bb row_type=\u00bbrow\u00bb use_row_as_full_screen_section=\u00bbno\u00bb type=\u00bbfull_width\u00bb angled_section=\u00bbno\u00bb text_align=\u00bbleft\u00bb background_image_as_pattern=\u00bbwithout_pattern\u00bb z_index=\u00bb\u00bb][vc_column][vc_column_text]Somos una compa\u00f1\u00eda con varios a\u00f1os de experiencia en proyectos, prestaci\u00f3n de servicios y suministro de equipos en los sectores de Generaci\u00f3n El\u00e9ctrica, Oil &amp; Gas, Industria y Tratamiento de Agua.<\/p>\n<p>&nbsp;<\/p>\n<p>Poseemos la experiencia y la capacidad para colaborar con empresas extranjeras en la elaboraci\u00f3n y ejecuci\u00f3n de grandes proyectos.<\/p>\n<p>&nbsp;<\/p>\n<p>Nuestro principal objetivo es satisfacer a las necesidades de nuestros clientes, estableciendo relaciones basadas en la confianza y en las buenas pr\u00e1cticas comerciales a todo nivel.[\/vc_column_text][\/vc_column][\/vc_row]<\/p>\n","protected":false},"excerpt":{"rendered":"<p>[vc_row css_animation=\u00bb\u00bb row_type=\u00bbrow\u00bb use_row_as_full_screen_section=\u00bbno\u00bb type=\u00bbfull_width\u00bb angled_section=\u00bbno\u00bb text_align=\u00bbleft\u00bb background_image_as_pattern=\u00bbwithout_pattern\u00bb z_index=\u00bb\u00bb][vc_column][vc_column_text]Somos una compa\u00f1\u00eda con varios a\u00f1os de experiencia en proyectos, prestaci\u00f3n de servicios y suministro de equipos en los sectores de Generaci\u00f3n El\u00e9ctrica, Oil &amp; Gas, Industria y Tratamiento de Agua. &nbsp; Poseemos la experiencia y la&#8230;<\/p>\n","protected":false},"author":1,"featured_media":0,"parent":0,"menu_order":0,"comment_status":"closed","ping_status":"closed","template":"","meta":{"footnotes":""},"class_list":["post-18","page","type-page","status-publish","hentry"],"aioseo_notices":[],"_links":{"self":[{"href":"http:\/\/www.pssuruguay.com\/es\/wp-json\/wp\/v2\/pages\/18"}],"collection":[{"href":"http:\/\/www.pssuruguay.com\/es\/wp-json\/wp\/v2\/pages"}],"about":[{"href":"http:\/\/www.pssuruguay.com\/es\/wp-json\/wp\/v2\/types\/page"}],"author":[{"embeddable":true,"href":"http:\/\/www.pssuruguay.com\/es\/wp-json\/wp\/v2\/users\/1"}],"replies":[{"embeddable":true,"href":"http:\/\/www.pssuruguay.com\/es\/wp-json\/wp\/v2\/comments?post=18"}],"version-history":[{"count":6,"href":"http:\/\/www.pssuruguay.com\/es\/wp-json\/wp\/v2\/pages\/18\/revisions"}],"predecessor-version":[{"id":275,"href":"http:\/\/www.pssuruguay.com\/es\/wp-json\/wp\/v2\/pages\/18\/revisions\/275"}],"wp:attachment":[{"href":"http:\/\/www.pssuruguay.com\/es\/wp-json\/wp\/v2\/media?parent=18"}],"curies":[{"name":"wp","href":"https:\/\/api.w.org\/{rel}","templated":true}]}}